{"id":945,"date":"2019-10-29T11:14:22","date_gmt":"2019-10-29T10:14:22","guid":{"rendered":"http:\/\/www.caisora.it\/sito\/?page_id=945"},"modified":"2022-10-20T12:12:45","modified_gmt":"2022-10-20T10:12:45","slug":"biblioteca-archivio-storico","status":"publish","type":"page","link":"https:\/\/www.caisora.it\/sito\/biblioteca-archivio-storico\/","title":{"rendered":"Biblioteca, Archivio Storico ed Eventi Culturali"},"content":{"rendered":"<p>[vc_row full_width=&#8221;stretch_row&#8221;][vc_column css_animation=&#8221;right-to-left&#8221; css=&#8221;.vc_custom_1493928651776{margin-bottom: 0px !important;padding-top: 25px !important;padding-bottom: 30px !important;}&#8221;][vc_single_image image=&#8221;4365&#8243; img_size=&#8221;full&#8221; alignment=&#8221;center&#8221;][vc_row_inner][vc_column_inner][vc_column_text]<\/p>\n<h2>Biblioteca, Archivio Storico ed Eventi Culturali<\/h2>\n<h3>In questa sezione del sito vengono raccolte tutte le informazioni che riguardano la nostra Biblioteca, l&#8217;Archivio Storico e le pubblicazioni letterarie dei nostri soci.<\/h3>\n<p>[\/vc_column_text][\/vc_column_inner][\/vc_row_inner][\/vc_column][\/vc_row][vc_row full_width=&#8221;stretch_row&#8221; css=&#8221;.vc_custom_1486549226101{margin-top: 35px !important;background-color: #eeeeee !important;}&#8221;][vc_column css_animation=&#8221;right-to-left&#8221; css=&#8221;.vc_custom_1493928651776{margin-bottom: 0px !important;padding-top: 25px !important;padding-bottom: 30px !important;}&#8221;][vc_custom_heading text=&#8221;Biblioteca \u201cRenato Ferri\u201d&#8221; font_container=&#8221;tag:p|font_size:32px|text_align:left|color:%23004388&#8243; use_theme_fonts=&#8221;yes&#8221; css=&#8221;.vc_custom_1572344045034{padding-left: 75px !important;}&#8221;][\/vc_column][\/vc_row][vc_row][vc_column css=&#8221;.vc_custom_1493298450044{margin-right: 40px !important;padding-top: 15px !important;}&#8221;][vc_column_text]La nostra biblioteca contiene un patrimonio aggiornato di libri, carte, dvd e conserva l\u2019Archivio Storico e fotografico della Sezione.<\/p>\n<p>La consultazione \u00e8 aperta a tutti, ma il prestito \u00e8 riservato ai soci.<\/p>\n<p>Dal 2014 la biblioteca aderisce al sistema nazionale delle biblioteche del Club Alpino Italiano, <strong>BIBLIOCAI<\/strong>.<\/p>\n<p>Tutte le riviste, libri della nostra Biblioteca<\/p>\n<ol>\n<li>Guida dei Monti d\u2019Italia &gt;&gt;<a href=\"http:\/\/www.caisora.it\/sito\/guida-dei-monti-ditalia\/\" target=\"_blank\" rel=\"noopener noreferrer\"> Clicca Qui<\/a> &lt;&lt;<\/li>\n<li>Sci &gt;&gt; <a href=\"http:\/\/www.caisora.it\/sito\/sci\/\" target=\"_blank\" rel=\"noopener noreferrer\">Clicca Qui<\/a> &lt;&lt;<\/li>\n<li>Manuali e Tecniche &gt;&gt;<a href=\"http:\/\/www.caisora.it\/sito\/manuali-e-tecniche\/\" target=\"_blank\" rel=\"noopener noreferrer\"> Clicca Qui<\/a> &lt;&lt;<\/li>\n<li>Rifugi e Bivacchi &gt;&gt; <a href=\"http:\/\/www.caisora.it\/sito\/rifugi-e-bivacchi\/\" target=\"_blank\" rel=\"noopener noreferrer\">Clicca Qui<\/a> &lt;&lt;<\/li>\n<li>Parchi, Montagne e Localit\u00e0 &gt;&gt; <a href=\"http:\/\/www.caisora.it\/sito\/parchi-montagne-localita\/\" target=\"_blank\" rel=\"noopener noreferrer\">Clicca Qui<\/a> &lt;&lt;<\/li>\n<li>Mountain-bike &gt;&gt;<a href=\"http:\/\/www.caisora.it\/sito\/mountan-bike\/\" target=\"_blank\" rel=\"noopener noreferrer\"> Clicca Qui<\/a> &lt;&lt;<\/li>\n<\/ol>\n<p>[\/vc_column_text][\/vc_column][\/vc_row][vc_row full_width=&#8221;stretch_row&#8221; css=&#8221;.vc_custom_1486549226101{margin-top: 35px !important;background-color: #eeeeee !important;}&#8221;][vc_column css_animation=&#8221;right-to-left&#8221; css=&#8221;.vc_custom_1493928651776{margin-bottom: 0px !important;padding-top: 25px !important;padding-bottom: 30px !important;}&#8221;][vc_custom_heading text=&#8221;Il LIBRO DI &#8216;VETTA'&#8221; font_container=&#8221;tag:p|font_size:32px|text_align:left|color:%23004388&#8243; use_theme_fonts=&#8221;yes&#8221; css=&#8221;.vc_custom_1576099804371{padding-left: 75px !important;}&#8221;][\/vc_column][\/vc_row][vc_row][vc_column css=&#8221;.vc_custom_1493298450044{margin-right: 40px !important;padding-top: 15px !important;}&#8221;][vc_column_text]Il Libro di vetta fa parte della tradizione e della cultura della montagna, delle sue genti e dei suoi ospiti.<\/p>\n<p>Il Libro \u00e8 molto gradito agli escursionisti in transito perch\u00e8 soddisfa il desiderio di dare traccia e di comprovare la salita, ma anche la curiosit\u00e0 di leggere vicende e storie scritte da altri.<\/p>\n<p>Il Libro di vetta descrive il legame tra l&#8217;uomo e l&#8217;ambiente montano e costituisce un piacevole ricordo da leggere e rileggere a distanza di tempo.<\/p>\n<p>Nell&#8217;Archivio storico del CAI Sora si conservano 6 libri di vetta di cui per 4 \u00e8 terminata l&#8217;opera di digitalizzazione a cura del Presidente sezionale Lucio Meglio.<\/p>\n<ul>\n<li>Libro del settore giovanile anni 1995-1997: &gt;&gt; <a href=\"http:\/\/www.caisora.it\/sito\/wp-content\/uploads\/2019\/12\/Libro-Cai-giovanile-1995-1997.pdf\">CLICCA QUI<\/a> &lt;&lt;<\/li>\n<li>Il Libro di vetta del Monte Serra Alta anno 2017: &gt;&gt; <a href=\"http:\/\/www.caisora.it\/sito\/wp-content\/uploads\/2019\/12\/Serra-Alta-2017.pdf\">CLICCA QUI<\/a> &lt;&lt;<\/li>\n<li>Il Libro di Vetta di Colle S. Angelo anno 2018: &gt;&gt;\u00a0<a href=\"http:\/\/www.caisora.it\/sito\/wp-content\/uploads\/2019\/12\/Libro-S.-Angelo-2018.pdf\">CLICCA QUI<\/a> &lt;&lt;<\/li>\n<li>Il Libro di Vetta dell&#8217;Anticima del Monte Cornacchia (Cima Sora) anni 2013-2016:\u00a0&gt;&gt; <a href=\"http:\/\/www.caisora.it\/sito\/wp-content\/uploads\/2019\/12\/Monte-Sora-2013-2016.pdf\">CLICCA QUI<\/a> &lt;&lt;<\/li>\n<li>Il Libro di Vetta di Colle S. Angelo anno 2019\/2020 &gt;&gt; <a href=\"http:\/\/www.caisora.it\/sito\/wp-content\/uploads\/2021\/03\/libro-vetta-santangelo-2019-2020.pdf\">CLICCA QUI<\/a> &lt;&lt;<\/li>\n<\/ul>\n<p>Buona lettura.<\/p>\n<p>[\/vc_column_text][\/vc_column][\/vc_row][vc_row full_width=&#8221;stretch_row&#8221; css=&#8221;.vc_custom_1486549226101{margin-top: 35px !important;background-color: #eeeeee !important;}&#8221;][vc_column css_animation=&#8221;right-to-left&#8221; css=&#8221;.vc_custom_1493928651776{margin-bottom: 0px !important;padding-top: 25px !important;padding-bottom: 30px !important;}&#8221;][vc_custom_heading text=&#8221;Le pubblicazioni dei nostri soci&#8221; font_container=&#8221;tag:p|font_size:32px|text_align:left|color:%23004388&#8243; use_theme_fonts=&#8221;yes&#8221; css=&#8221;.vc_custom_1651596960867{padding-left: 75px !important;}&#8221;][\/vc_column][\/vc_row][vc_row][vc_column css=&#8221;.vc_custom_1493298450044{margin-right: 40px !important;padding-top: 15px !important;}&#8221;][vc_column_text]<\/p>\n<div class=\"rl-gallery-container\" id=\"rl-gallery-container-1\" data-gallery_id=\"0\"> <div class=\"rl-gallery rl-basicmasonry-gallery \" id=\"rl-gallery-1\" data-gallery_no=\"1\"> <div class=\"rl-gutter-sizer\"><\/div><div class=\"rl-grid-sizer\"><\/div> <div class=\"rl-gallery-item rl-gallery-item-width-4\" > <div class=\"rl-gallery-item-content\"> <a href=\"https:\/\/www.caisora.it\/sito\/wp-content\/uploads\/2022\/05\/Dic-1987-Sui-sentieri-delluomo-60\u00b0-Cai-Sora-Ferri-Lilla.jpg\" title=\"\" data-rl_title=\"\" class=\"rl-gallery-link\" data-rl_caption=\"\" data-rel=\"lightbox-gallery-1\"><img src=\"https:\/\/www.caisora.it\/sito\/wp-content\/uploads\/2022\/05\/Dic-1987-Sui-sentieri-delluomo-60\u00b0-Cai-Sora-Ferri-Lilla-218x300.jpg\" width=\"218\" height=\"300\" \/><\/a> <\/div> <\/div> <div class=\"rl-gallery-item\" > <div class=\"rl-gallery-item-content\"> <a href=\"https:\/\/www.caisora.it\/sito\/wp-content\/uploads\/2022\/05\/Nov-2000-Testimoni-di-Pietra-Farinelli.jpg\" title=\"\" data-rl_title=\"\" class=\"rl-gallery-link\" data-rl_caption=\"\" data-rel=\"lightbox-gallery-1\"><img src=\"https:\/\/www.caisora.it\/sito\/wp-content\/uploads\/2022\/05\/Nov-2000-Testimoni-di-Pietra-Farinelli-211x300.jpg\" width=\"211\" height=\"300\" \/><\/a> <\/div> <\/div> <div class=\"rl-gallery-item\" > <div class=\"rl-gallery-item-content\"> <a href=\"https:\/\/www.caisora.it\/sito\/wp-content\/uploads\/2022\/05\/Luglio-2021-Le-montagne-di-Sora-La-Pietra-Farinelli.jpg\" title=\"\" data-rl_title=\"\" class=\"rl-gallery-link\" data-rl_caption=\"\" data-rel=\"lightbox-gallery-1\"><img src=\"https:\/\/www.caisora.it\/sito\/wp-content\/uploads\/2022\/05\/Luglio-2021-Le-montagne-di-Sora-La-Pietra-Farinelli-210x300.jpg\" width=\"210\" height=\"300\" \/><\/a> <\/div> <\/div> <div class=\"rl-gallery-item\" > <div class=\"rl-gallery-item-content\"> <a href=\"https:\/\/www.caisora.it\/sito\/wp-content\/uploads\/2022\/05\/Settembre-2016-SantAntone-Lucio-Meglio.jpg\" title=\"\" data-rl_title=\"\" class=\"rl-gallery-link\" data-rl_caption=\"\" data-rel=\"lightbox-gallery-1\"><img src=\"https:\/\/www.caisora.it\/sito\/wp-content\/uploads\/2022\/05\/Settembre-2016-SantAntone-Lucio-Meglio-204x300.jpg\" width=\"204\" height=\"300\" \/><\/a> <\/div> <\/div> <div class=\"rl-gallery-item\" > <div class=\"rl-gallery-item-content\"> <a href=\"https:\/\/www.caisora.it\/sito\/wp-content\/uploads\/2022\/05\/Aprile-2017-90\u00b0-Cai-Sora-Lucio-Meglio.jpg\" title=\"\" data-rl_title=\"\" class=\"rl-gallery-link\" data-rl_caption=\"\" data-rel=\"lightbox-gallery-1\"><img src=\"https:\/\/www.caisora.it\/sito\/wp-content\/uploads\/2022\/05\/Aprile-2017-90\u00b0-Cai-Sora-Lucio-Meglio-284x300.jpg\" width=\"284\" height=\"300\" \/><\/a> <\/div> <\/div> <div class=\"rl-gallery-item\" > <div class=\"rl-gallery-item-content\"> <a href=\"https:\/\/www.caisora.it\/sito\/wp-content\/uploads\/2022\/05\/Feb-2020-Dogane-di-confine-tra-lo-Stato-Pontificio-e-il-Regno-delle-due-Sicilie..jpg\" title=\"\" data-rl_title=\"\" class=\"rl-gallery-link\" data-rl_caption=\"\" data-rel=\"lightbox-gallery-1\"><img src=\"https:\/\/www.caisora.it\/sito\/wp-content\/uploads\/2022\/05\/Feb-2020-Dogane-di-confine-tra-lo-Stato-Pontificio-e-il-Regno-delle-due-Sicilie.-257x300.jpg\" width=\"257\" height=\"300\" \/><\/a> <\/div> <\/div> <div class=\"rl-gallery-item\" > <div class=\"rl-gallery-item-content\"> <a href=\"https:\/\/www.caisora.it\/sito\/wp-content\/uploads\/2022\/05\/Nov-2020-I-colori-della-vita-Ciro-Tomassi.png\" title=\"\" data-rl_title=\"\" class=\"rl-gallery-link\" data-rl_caption=\"\" data-rel=\"lightbox-gallery-1\"><img src=\"https:\/\/www.caisora.it\/sito\/wp-content\/uploads\/2022\/05\/Nov-2020-I-colori-della-vita-Ciro-Tomassi-238x300.png\" width=\"238\" height=\"300\" \/><\/a> <\/div> <\/div> <div class=\"rl-gallery-item\" > <div class=\"rl-gallery-item-content\"> <a href=\"https:\/\/www.caisora.it\/sito\/wp-content\/uploads\/2022\/05\/Settembre-2021-Ultima-luce-prima-dellalba-Luigi-Bove.jpg\" title=\"\" data-rl_title=\"\" class=\"rl-gallery-link\" data-rl_caption=\"\" data-rel=\"lightbox-gallery-1\"><img src=\"https:\/\/www.caisora.it\/sito\/wp-content\/uploads\/2022\/05\/Settembre-2021-Ultima-luce-prima-dellalba-Luigi-Bove-217x300.jpg\" width=\"217\" height=\"300\" \/><\/a> <\/div> <\/div> <\/div> <\/div>\n<h4>In ordine cronologico:<\/h4>\n<h4>Nov 1987\u00a0 (Sui Sentieri dell&#8217;uomo)\u00a0 Ferri, Lilla<\/h4>\n<h4>Nov 2000\u00a0 (Testimoni di Pietra)\u00a0 Antonio Farinelli<\/h4>\n<h4>Luglio 2021\u00a0 (Le montagne di Sora)\u00a0 La Pietra, Farinelli<\/h4>\n<h4>Settembre 2016\u00a0 (Sant&#8217;Antone)\u00a0 Lucio Meglio<\/h4>\n<h4>Aprile 2017\u00a0 (1927-2017 Novanta anni di Cai Sora)\u00a0 Lucio Meglio<\/h4>\n<h4>Feb 2020\u00a0 (Dogane di confine tra lo Stato Pontificio \u00e8 il Regno delle due Sicilie) Antonio Farinelli<\/h4>\n<h4>Nov 2020\u00a0 (I colori della vita)\u00a0 Ciro Tomassi<\/h4>\n<h4>Settembre 2021\u00a0 (L&#8217;ultima luce prima dell&#8217;alba)\u00a0 Luigi Bove<\/h4>\n<p>[\/vc_column_text][\/vc_column][\/vc_row][vc_row full_width=&#8221;stretch_row&#8221; css=&#8221;.vc_custom_1486549226101{margin-top: 35px !important;background-color: #eeeeee !important;}&#8221;][vc_column css_animation=&#8221;right-to-left&#8221; css=&#8221;.vc_custom_1493928651776{margin-bottom: 0px !important;padding-top: 25px !important;padding-bottom: 30px !important;}&#8221;][vc_custom_heading text=&#8221;La Commissione Cultura&#8217;&#8221; font_container=&#8221;tag:p|font_size:32px|text_align:left|color:%23004388&#8243; use_theme_fonts=&#8221;yes&#8221; css=&#8221;.vc_custom_1576099804371{padding-left: 75px !important;}&#8221;][\/vc_column][\/vc_row][vc_row][vc_column css=&#8221;.vc_custom_1493298450044{margin-right: 40px !important;padding-top: 15px !important;}&#8221;][vc_column_text]<\/p>\n<table width=\"100%\">\n<tbody>\n<tr>\n<td width=\"729\"><strong>CULTURA COMUNICAZIONE E PUBBLICAZIONI<\/strong><\/td>\n<td width=\"400\"><\/td>\n<td width=\"596\"><\/td>\n<\/tr>\n<tr>\n<td width=\"729\">REFERENTE:<\/td>\n<td width=\"400\">LUCIO MEGLIO<\/td>\n<td width=\"596\"><u><\/u><u><a href=\"mailto:luciomeglio@libero.it\">luciomeglio@libero.it<\/a><\/u><\/td>\n<\/tr>\n<tr>\n<td>COLLABORATORE:<\/td>\n<td>PAOLA MENICHETTI<\/td>\n<td><u><\/u><u><a href=\"mailto:paolina0109@gmail.com\">paolina0109@gmail.com<\/a><\/u><\/td>\n<\/tr>\n<tr>\n<td>*******************************<\/td>\n<td>****************<\/td>\n<td>*******************************<\/td>\n<\/tr>\n<tr>\n<td><strong>SITO WEB \u2013 WebMaster<\/strong><\/td>\n<td>ENRICO MANCINI<\/td>\n<td><a href=\"mailto:enrico@soraweb.it\">enrico@soraweb.it<\/a><\/td>\n<\/tr>\n<tr>\n<td>COLLABORATORE:<\/td>\n<td><\/td>\n<td><\/td>\n<\/tr>\n<\/tbody>\n<\/table>\n<p>[\/vc_column_text][vc_tta_accordion active_section=&#8221;&#8221; collapsible_all=&#8221;true&#8221;][vc_tta_section title=&#8221;@ Scrivici&#8221; tab_id=&#8221;1587927155367-241c50a0-122e&#8221;]<div role=\"form\" class=\"wpcf7\" id=\"wpcf7-f4904-o1\" lang=\"it-IT\" dir=\"ltr\">\n<div class=\"screen-reader-response\"><p role=\"status\" aria-live=\"polite\" aria-atomic=\"true\"><\/p> <ul><\/ul><\/div>\n<form action=\"\/sito\/wp-json\/wp\/v2\/pages\/945#wpcf7-f4904-o1\" method=\"post\" class=\"wpcf7-form init\" novalidate=\"novalidate\" data-status=\"init\">\n<div style=\"display: none;\">\n<input type=\"hidden\" name=\"_wpcf7\" value=\"4904\" \/>\n<input type=\"hidden\" name=\"_wpcf7_version\" value=\"5.5.6\" \/>\n<input type=\"hidden\" name=\"_wpcf7_locale\" value=\"it_IT\" \/>\n<input type=\"hidden\" name=\"_wpcf7_unit_tag\" value=\"wpcf7-f4904-o1\" \/>\n<input type=\"hidden\" name=\"_wpcf7_container_post\" value=\"0\" \/>\n<input type=\"hidden\" name=\"_wpcf7_posted_data_hash\" value=\"\" \/>\n<\/div>\n<p><label> Nome e Cognome (required)<br \/>\n    <span class=\"wpcf7-form-control-wrap your-name\"><input type=\"text\" name=\"your-name\" value=\"\" size=\"40\" class=\"wpcf7-form-control wpcf7-text wpcf7-validates-as-required\" aria-required=\"true\" aria-invalid=\"false\" \/><\/span> <\/label><\/p>\n<p><label> La Tua Mail (required)<br \/>\n    <span class=\"wpcf7-form-control-wrap your-email\"><input type=\"email\" name=\"your-email\" value=\"\" size=\"40\" class=\"wpcf7-form-control wpcf7-text wpcf7-email wpcf7-validates-as-required wpcf7-validates-as-email\" aria-required=\"true\" aria-invalid=\"false\" \/><\/span> <\/label><\/p>\n<p><label> Oggetto:<br \/>\n    <span class=\"wpcf7-form-control-wrap your-subject\"><input type=\"text\" name=\"your-subject\" value=\"\" size=\"40\" class=\"wpcf7-form-control wpcf7-text\" aria-invalid=\"false\" \/><\/span> <\/label><\/p>\n<p><label> Il Tuo Messaggio<br \/>\n    <span class=\"wpcf7-form-control-wrap your-message\"><textarea name=\"your-message\" cols=\"40\" rows=\"10\" class=\"wpcf7-form-control wpcf7-textarea\" aria-invalid=\"false\"><\/textarea><\/span> <\/label><\/p>\n<p><strong>*GDPR: In ottemperanza a quanto disposto dal Regolamento generale sulla protezione dei dati GDPR 2016\/679 e al D.lgs 10 Agosto 2018, n. 101<\/strong><br \/>\n<strong>Accetto<\/strong> <span class=\"wpcf7-form-control-wrap acceptance-259\"><span class=\"wpcf7-form-control wpcf7-acceptance\"><span class=\"wpcf7-list-item\"><input type=\"checkbox\" name=\"acceptance-259\" value=\"1\" aria-invalid=\"false\" \/><\/span><\/span><\/span> - Consulta la <a href=\"http:\/\/#\" target=\"_blank\"> <strong>Privacy Policy<\/strong> <\/a><\/p>\n<p><input type=\"submit\" value=\"Invia\" class=\"wpcf7-form-control has-spinner wpcf7-submit\" \/><\/p>\n<div class=\"wpcf7-response-output\" aria-hidden=\"true\"><\/div><\/form><\/div>[\/vc_tta_section][\/vc_tta_accordion][vc_row_inner][vc_column_inner][vc_custom_heading text=&#8221;&#8221;][\/vc_column_inner][\/vc_row_inner][\/vc_column][\/vc_row][vc_row][vc_column][vc_single_image image=&#8221;4259&#8243; alignment=&#8221;center&#8221; onclick=&#8221;custom_link&#8221; link=&#8221;http:\/\/www.caisora.it\/sito\/home-nuova\/#&#8221;][vc_custom_heading text=&#8221;Return to home&#8221; font_container=&#8221;tag:h2|font_size:12|text_align:center|color:%23dd3333&#8243; link=&#8221;url:http%3A%2F%2Fwww.caisora.it%2Fsito%2Fhome-nuova%2F%23|||&#8221;][\/vc_column][\/vc_row]<\/p>\n","protected":false},"excerpt":{"rendered":"<p>[vc_row full_width=&#8221;stretch_row&#8221;][vc_column css_animation=&#8221;right-to-left&#8221; css=&#8221;.vc_custom_1493928651776{margin-bottom: 0px !important;padding-top: 25px !important;padding-bottom: 30px !important;}&#8221;][vc_single_image image=&#8221;4365&#8243; img_size=&#8221;full&#8221; alignment=&#8221;center&#8221;][vc_row_inner][vc_column_inner][vc_column_text] Biblioteca, Archivio Storico ed Eventi Culturali In questa sezione del sito vengono raccolte tutte le informazioni che riguardano la nostra Biblioteca, l&#8217;Archivio Storico e le pubblicazioni letterarie dei nostri soci. [\/vc_column_text][\/vc_column_inner][\/vc_row_inner][\/vc_column][\/vc_row][vc_row full_width=&#8221;stretch_row&#8221; css=&#8221;.vc_custom_1486549226101{margin-top: 35px !important;background-color: #eeeeee !important;}&#8221;][vc_column css_animation=&#8221;right-to-left&#8221; css=&#8221;.vc_custom_1493928651776{margin-bottom: 0px !important;padding-top: 25px !important;padding-bottom: 30px !important;}&#8221;][vc_custom_heading text=&#8221;Biblioteca \u201cRenato Ferri\u201d&#8221; font_container=&#8221;tag:p|font_size:32px|text_align:left|color:%23004388&#8243; use_theme_fonts=&#8221;yes&#8221; css=&#8221;.vc_custom_1572344045034{padding-left: 75px !important;}&#8221;][\/vc_column][\/vc_row][vc_row][vc_column css=&#8221;.vc_custom_1493298450044{margin-right: 40px !important;padding-top: 15px !important;}&#8221;][vc_column_text]La nostra biblioteca contiene un patrimonio aggiornato di libri, carte, dvd e conserva l\u2019Archivio Storico e fotografico della Sezione. La&nbsp;<a href=\"https:\/\/www.caisora.it\/sito\/biblioteca-archivio-storico\/\">&hellip;<\/a><\/p>\n","protected":false},"author":1,"featured_media":0,"parent":0,"menu_order":0,"comment_status":"closed","ping_status":"closed","template":"template-fullwidth-no-title.php","meta":{"_mi_skip_tracking":false},"_links":{"self":[{"href":"https:\/\/www.caisora.it\/sito\/wp-json\/wp\/v2\/pages\/945"}],"collection":[{"href":"https:\/\/www.caisora.it\/sito\/wp-json\/wp\/v2\/pages"}],"about":[{"href":"https:\/\/www.caisora.it\/sito\/wp-json\/wp\/v2\/types\/page"}],"author":[{"embeddable":true,"href":"https:\/\/www.caisora.it\/sito\/wp-json\/wp\/v2\/users\/1"}],"replies":[{"embeddable":true,"href":"https:\/\/www.caisora.it\/sito\/wp-json\/wp\/v2\/comments?post=945"}],"version-history":[{"count":52,"href":"https:\/\/www.caisora.it\/sito\/wp-json\/wp\/v2\/pages\/945\/revisions"}],"predecessor-version":[{"id":6656,"href":"https:\/\/www.caisora.it\/sito\/wp-json\/wp\/v2\/pages\/945\/revisions\/6656"}],"wp:attachment":[{"href":"https:\/\/www.caisora.it\/sito\/wp-json\/wp\/v2\/media?parent=945"}],"curies":[{"name":"wp","href":"https:\/\/api.w.org\/{rel}","templated":true}]}}