{"id":1057,"date":"2019-10-30T00:39:54","date_gmt":"2019-10-29T23:39:54","guid":{"rendered":"http:\/\/www.caisora.it\/sito\/?page_id=1057"},"modified":"2022-12-31T08:27:25","modified_gmt":"2022-12-31T07:27:25","slug":"il-nibbio","status":"publish","type":"page","link":"https:\/\/www.caisora.it\/sito\/il-nibbio\/","title":{"rendered":"Il Nibbio"},"content":{"rendered":"<p>[vc_row][vc_column css=&#8221;.vc_custom_1490004489841{margin-bottom: 0px !important;}&#8221;][rev_slider_vc alias=&#8221;il-nibbio&#8221;][\/vc_column][\/vc_row][vc_row][vc_column width=&#8221;2\/3&#8243; css=&#8221;.vc_custom_1570740066203{margin-right: 40px !important;padding-top: 0px !important;}&#8221;][vc_row_inner][vc_column_inner][vc_empty_space][vc_custom_heading text=&#8221;PERIODICO &#8216;IL NIBBIO'&#8221; use_theme_fonts=&#8221;yes&#8221; css=&#8221;.vc_custom_1572393787004{margin-bottom: 5px !important;}&#8221;][vc_empty_space][vc_column_text]Fra i molteplici tesori che il Club alpino italiano custodisce, fin dalle sue lontane origini, vi \u00e8 la stampa periodica delle molte Sezioni italiane. \u00c8 dal 1973 (prima con il Notiziario e dal 1982 con la Rivista) che il nostro sodalizio si \u00e8 dotato di uno strumento di comunicazione efficace con l\u2019intento di affida<span class=\"textexposedshow\">re alla parola scritta ed alle immagini fotografiche il compito di veicolare l\u2019amore per la montagna in ogni suo aspetto o declinazione tematica. Se si sfogliano con attenzione le pagine di questo periodico si rivivono momenti importanti della storia del costume locale, rappresentazioni della montagna che si rivelano originali sia dal punto di vista naturalistico che socio-culturale.<\/span><br \/>\n<span class=\"textexposedshow\">Oggi la nostra Rivista \u00e8 nel Cai una delle 185 presenti in tutta Italia (la seconda nel Lazio e l\u2019unico periodico attivo nella citt\u00e0 di Sora) continuando ad essere un insostituibile strumento di aggiornamento e informazione.<\/span>[\/vc_column_text][vc_empty_space]\t\t<div class=\"linp-post-list  layout_1\">\n\t\t\t\t\t\t\t<div class=\"vc_row\">\n\t\t\t\t\t\t\t\t\t\t\t\t\t\t\t\t\t\t<div class=\"item one third\">\n\t<div class=\"inner-wrap\">\n\t\t\t\t\t\t\t\t\t\t\t\t\t\t<div class=\"img-container\">\n\n\t\t\t\t<a href=\"https:\/\/www.caisora.it\/sito\/il-nibbio-periodico-n30-2025\/\"\n\t\t\t\t   title=\"IL NIBBIO \u2013 Periodico n\u00b030-31 \u2013 Anno 2025\"><img width=\"711\" height=\"510\" src=\"https:\/\/www.caisora.it\/sito\/wp-content\/uploads\/2026\/02\/2025-711x510.jpg\" class=\"post-list-thumb wp-post-image\" alt=\"\" loading=\"lazy\" \/><\/a>\n\t\t\t<\/div>\n\t\t\t\t<div class=\"data\">\n\n\n\t\t\t<div class=\"meta-data\">\n\t\t\t\t<div class=\"date\">\n\t\t\t\t\t<i class=\"icon-edtime3\"><\/i>\n\t\t\t\t\t\t\t\t\t\t\tFebbraio 19, 2026\t\t\t\t\t\t\t\t\t<\/div>\n\t\t\t\t\t\t\t\t\t\t\t<\/div>\n\t\t\t<h3>\n\t\t\t\t<a title=\"IL NIBBIO \u2013 Periodico n\u00b030-31 \u2013 Anno 2025\"\n\t\t\t\t   href=\"https:\/\/www.caisora.it\/sito\/il-nibbio-periodico-n30-2025\/\">\n\t\t\t\t\tIL NIBBIO \u2013 Periodico n\u00b030-31 \u2013 Anno 2025\t\t\t\t<\/a>\n\t\t\t<\/h3>\n\t\t\t\t\t\t\t\t<\/div>\n\t<\/div>\n<\/div>\t\t\t\t\t\t\n\t\t\t\t\t\t\t\t\t\t\t\t\t\t\t\t\t\t<div class=\"item one third\">\n\t<div class=\"inner-wrap\">\n\t\t\t\t\t\t\t\t\t\t\t\t\t\t<div class=\"img-container\">\n\n\t\t\t\t<a href=\"https:\/\/www.caisora.it\/sito\/il-nibbio-periodico-n29-2023\/\"\n\t\t\t\t   title=\"IL NIBBIO \u2013 Periodico n\u00b029 \u2013 2023\"><img width=\"768\" height=\"510\" src=\"https:\/\/www.caisora.it\/sito\/wp-content\/uploads\/2023\/12\/WhatsApp-Image-2023-12-18-at-17.38.00-e1703069010285-768x510.jpeg\" class=\"post-list-thumb wp-post-image\" alt=\"\" loading=\"lazy\" \/><\/a>\n\t\t\t<\/div>\n\t\t\t\t<div class=\"data\">\n\n\n\t\t\t<div class=\"meta-data\">\n\t\t\t\t<div class=\"date\">\n\t\t\t\t\t<i class=\"icon-edtime3\"><\/i>\n\t\t\t\t\t\t\t\t\t\t\tDicembre 20, 2023\t\t\t\t\t\t\t\t\t<\/div>\n\t\t\t\t\t\t\t\t\t\t\t<\/div>\n\t\t\t<h3>\n\t\t\t\t<a title=\"IL NIBBIO \u2013 Periodico n\u00b029 \u2013 2023\"\n\t\t\t\t   href=\"https:\/\/www.caisora.it\/sito\/il-nibbio-periodico-n29-2023\/\">\n\t\t\t\t\tIL NIBBIO \u2013 Periodico n\u00b029 \u2013 2023\t\t\t\t<\/a>\n\t\t\t<\/h3>\n\t\t\t\t\t\t\t\t<\/div>\n\t<\/div>\n<\/div>\t\t\t\t\t\t\n\t\t\t\t\t\t\t\t\t\t\t\t\t\t\t\t\t\t<div class=\"item one third\">\n\t<div class=\"inner-wrap\">\n\t\t\t\t\t\t\t\t\t\t\t\t\t\t<div class=\"img-container\">\n\n\t\t\t\t<a href=\"https:\/\/www.caisora.it\/sito\/il-nibbio-periodico-n28-2022\/\"\n\t\t\t\t   title=\"IL NIBBIO \u2013 Periodico n\u00b028 \u2013 2022\"><img width=\"627\" height=\"400\" src=\"https:\/\/www.caisora.it\/sito\/wp-content\/uploads\/2022\/12\/322401555_869188200895961_2935424955331375001_n-e1672472070502-627x400.jpg\" class=\"post-list-thumb wp-post-image\" alt=\"\" loading=\"lazy\" srcset=\"https:\/\/www.caisora.it\/sito\/wp-content\/uploads\/2022\/12\/322401555_869188200895961_2935424955331375001_n-e1672472070502.jpg 627w, https:\/\/www.caisora.it\/sito\/wp-content\/uploads\/2022\/12\/322401555_869188200895961_2935424955331375001_n-e1672472070502-300x191.jpg 300w, https:\/\/www.caisora.it\/sito\/wp-content\/uploads\/2022\/12\/322401555_869188200895961_2935424955331375001_n-e1672472070502-150x96.jpg 150w\" sizes=\"(max-width: 627px) 100vw, 627px\" \/><\/a>\n\t\t\t<\/div>\n\t\t\t\t<div class=\"data\">\n\n\n\t\t\t<div class=\"meta-data\">\n\t\t\t\t<div class=\"date\">\n\t\t\t\t\t<i class=\"icon-edtime3\"><\/i>\n\t\t\t\t\t\t\t\t\t\t\tDicembre 31, 2022\t\t\t\t\t\t\t\t\t<\/div>\n\t\t\t\t\t\t\t\t\t\t\t<\/div>\n\t\t\t<h3>\n\t\t\t\t<a title=\"IL NIBBIO \u2013 Periodico n\u00b028 \u2013 2022\"\n\t\t\t\t   href=\"https:\/\/www.caisora.it\/sito\/il-nibbio-periodico-n28-2022\/\">\n\t\t\t\t\tIL NIBBIO \u2013 Periodico n\u00b028 \u2013 2022\t\t\t\t<\/a>\n\t\t\t<\/h3>\n\t\t\t\t\t\t\t\t<\/div>\n\t<\/div>\n<\/div>\t\t\t\t\t\t\n\t\t\t\t\t\t\t\t\t<\/div>\n\t\t\t\t\t\t\t<div class=\"vc_row\">\n\t\t\t\t\t\t\t\t\t\t\t\t\t\t\t\t\t\t<div class=\"item one third\">\n\t<div class=\"inner-wrap\">\n\t\t\t\t\t\t\t\t\t\t\t\t\t\t<div class=\"img-container\">\n\n\t\t\t\t<a href=\"https:\/\/www.caisora.it\/sito\/dicembre-2021-il-nibbio\/\"\n\t\t\t\t   title=\"IL NIBBIO \u2013 Periodico n\u00b027 \u2013 2021\"><img width=\"496\" height=\"270\" src=\"https:\/\/www.caisora.it\/sito\/wp-content\/uploads\/2021\/12\/Nibbio-2021-anteprima-496x270.jpg\" class=\"post-list-thumb wp-post-image\" alt=\"\" loading=\"lazy\" srcset=\"https:\/\/www.caisora.it\/sito\/wp-content\/uploads\/2021\/12\/Nibbio-2021-anteprima.jpg 496w, https:\/\/www.caisora.it\/sito\/wp-content\/uploads\/2021\/12\/Nibbio-2021-anteprima-300x163.jpg 300w, https:\/\/www.caisora.it\/sito\/wp-content\/uploads\/2021\/12\/Nibbio-2021-anteprima-150x82.jpg 150w\" sizes=\"(max-width: 496px) 100vw, 496px\" \/><\/a>\n\t\t\t<\/div>\n\t\t\t\t<div class=\"data\">\n\n\n\t\t\t<div class=\"meta-data\">\n\t\t\t\t<div class=\"date\">\n\t\t\t\t\t<i class=\"icon-edtime3\"><\/i>\n\t\t\t\t\t\t\t\t\t\t\tDicembre 21, 2021\t\t\t\t\t\t\t\t\t<\/div>\n\t\t\t\t\t\t\t\t\t\t\t<\/div>\n\t\t\t<h3>\n\t\t\t\t<a title=\"IL NIBBIO \u2013 Periodico n\u00b027 \u2013 2021\"\n\t\t\t\t   href=\"https:\/\/www.caisora.it\/sito\/dicembre-2021-il-nibbio\/\">\n\t\t\t\t\tIL NIBBIO \u2013 Periodico n\u00b027 \u2013 2021\t\t\t\t<\/a>\n\t\t\t<\/h3>\n\t\t\t\t\t\t\t\t<\/div>\n\t<\/div>\n<\/div>\t\t\t\t\t\t\n\t\t\t\t\t\t\t\t\t\t\t\t\t\t\t\t\t\t<div class=\"item one third\">\n\t<div class=\"inner-wrap\">\n\t\t\t\t\t\t\t\t\t\t\t\t\t\t<div class=\"img-container\">\n\n\t\t\t\t<a href=\"https:\/\/www.caisora.it\/sito\/il-nibbio-periodico-n26-2020\/\"\n\t\t\t\t   title=\"IL NIBBIO \u2013 Periodico n\u00b026 \u2013 2020\"><img width=\"768\" height=\"510\" src=\"https:\/\/www.caisora.it\/sito\/wp-content\/uploads\/2020\/12\/CAI-Sora-IT-Nibbio-2020-12-Evidenza-768x510.jpg\" class=\"post-list-thumb wp-post-image\" alt=\"\" loading=\"lazy\" \/><\/a>\n\t\t\t<\/div>\n\t\t\t\t<div class=\"data\">\n\n\n\t\t\t<div class=\"meta-data\">\n\t\t\t\t<div class=\"date\">\n\t\t\t\t\t<i class=\"icon-edtime3\"><\/i>\n\t\t\t\t\t\t\t\t\t\t\tDicembre 12, 2020\t\t\t\t\t\t\t\t\t<\/div>\n\t\t\t\t\t\t\t\t\t\t\t<\/div>\n\t\t\t<h3>\n\t\t\t\t<a title=\"IL NIBBIO \u2013 Periodico n\u00b026 \u2013 2020\"\n\t\t\t\t   href=\"https:\/\/www.caisora.it\/sito\/il-nibbio-periodico-n26-2020\/\">\n\t\t\t\t\tIL NIBBIO \u2013 Periodico n\u00b026 \u2013 2020\t\t\t\t<\/a>\n\t\t\t<\/h3>\n\t\t\t\t\t\t\t\t<\/div>\n\t<\/div>\n<\/div>\t\t\t\t\t\t\n\t\t\t\t\t\t\t\t\t\t\t\t\t\t\t\t\t\t<div class=\"item one third\">\n\t<div class=\"inner-wrap\">\n\t\t\t\t\t\t\t\t\t\t\t\t\t\t<div class=\"img-container\">\n\n\t\t\t\t<a href=\"https:\/\/www.caisora.it\/sito\/supplemento-alla-rivista-de-il-nibbio\/\"\n\t\t\t\t   title=\"Supplemento alla rivista de &quot;Il Nibbio&quot;\"><img width=\"768\" height=\"510\" src=\"https:\/\/www.caisora.it\/sito\/wp-content\/uploads\/2020\/11\/Copertina-Il-Rifugio-Trombetta-768x510.jpg\" class=\"post-list-thumb wp-post-image\" alt=\"\" loading=\"lazy\" \/><\/a>\n\t\t\t<\/div>\n\t\t\t\t<div class=\"data\">\n\n\n\t\t\t<div class=\"meta-data\">\n\t\t\t\t<div class=\"date\">\n\t\t\t\t\t<i class=\"icon-edtime3\"><\/i>\n\t\t\t\t\t\t\t\t\t\t\tNovembre 05, 2020\t\t\t\t\t\t\t\t\t<\/div>\n\t\t\t\t\t\t\t\t\t\t\t<\/div>\n\t\t\t<h3>\n\t\t\t\t<a title=\"Supplemento alla rivista de \"Il Nibbio\"\"\n\t\t\t\t   href=\"https:\/\/www.caisora.it\/sito\/supplemento-alla-rivista-de-il-nibbio\/\">\n\t\t\t\t\tSupplemento alla rivista de \"Il Nibbio\"\t\t\t\t<\/a>\n\t\t\t<\/h3>\n\t\t\t\t\t\t\t\t<\/div>\n\t<\/div>\n<\/div>\t\t\t\t\t\t\n\t\t\t\t\t\t\t\t\t<\/div>\n\t\t\t\t\t\t\t<div class=\"vc_row\">\n\t\t\t\t\t\t\t\t\t\t\t\t\t\t\t\t\t\t<div class=\"item one third\">\n\t<div class=\"inner-wrap\">\n\t\t\t\t\t\t\t\t\t\t\t\t\t\t<div class=\"img-container\">\n\n\t\t\t\t<a href=\"https:\/\/www.caisora.it\/sito\/il-nibbio-periodico-n25-2019\/\"\n\t\t\t\t   title=\"IL NIBBIO \u2013 Periodico n\u00b025 \u2013 2019\"><img width=\"768\" height=\"510\" src=\"https:\/\/www.caisora.it\/sito\/wp-content\/uploads\/2020\/01\/CAI-Sezione-di-Sora-Il-Nibbio-Periodico-2019-n-25-Copertina-Articolo-768x510.jpg\" class=\"post-list-thumb wp-post-image\" alt=\"\" loading=\"lazy\" \/><\/a>\n\t\t\t<\/div>\n\t\t\t\t<div class=\"data\">\n\n\n\t\t\t<div class=\"meta-data\">\n\t\t\t\t<div class=\"date\">\n\t\t\t\t\t<i class=\"icon-edtime3\"><\/i>\n\t\t\t\t\t\t\t\t\t\t\tGennaio 21, 2020\t\t\t\t\t\t\t\t\t<\/div>\n\t\t\t\t\t\t\t\t\t\t\t<\/div>\n\t\t\t<h3>\n\t\t\t\t<a title=\"IL NIBBIO \u2013 Periodico n\u00b025 \u2013 2019\"\n\t\t\t\t   href=\"https:\/\/www.caisora.it\/sito\/il-nibbio-periodico-n25-2019\/\">\n\t\t\t\t\tIL NIBBIO \u2013 Periodico n\u00b025 \u2013 2019\t\t\t\t<\/a>\n\t\t\t<\/h3>\n\t\t\t\t\t\t\t\t<\/div>\n\t<\/div>\n<\/div>\t\t\t\t\t\t\n\t\t\t\t\t\t\t\t\t\t\t\t\t\t\t\t\t\t<div class=\"item one third\">\n\t<div class=\"inner-wrap\">\n\t\t\t\t\t\t\t\t\t\t\t\t\t\t<div class=\"img-container\">\n\n\t\t\t\t<a href=\"https:\/\/www.caisora.it\/sito\/il-nibbio-periodico-n24-2018\/\"\n\t\t\t\t   title=\"IL NIBBIO - Periodico n\u00b024 - 2018\"><img width=\"768\" height=\"407\" src=\"https:\/\/www.caisora.it\/sito\/wp-content\/uploads\/2019\/10\/CAI-Sezione-di-Sora-Il-Nibbio-Periodico-2018-n-24-Copertina-Articolo-768x407.jpg\" class=\"post-list-thumb wp-post-image\" alt=\"\" loading=\"lazy\" \/><\/a>\n\t\t\t<\/div>\n\t\t\t\t<div class=\"data\">\n\n\n\t\t\t<div class=\"meta-data\">\n\t\t\t\t<div class=\"date\">\n\t\t\t\t\t<i class=\"icon-edtime3\"><\/i>\n\t\t\t\t\t\t\t\t\t\t\tGennaio 30, 2019\t\t\t\t\t\t\t\t\t<\/div>\n\t\t\t\t\t\t\t\t\t\t\t<\/div>\n\t\t\t<h3>\n\t\t\t\t<a title=\"IL NIBBIO - Periodico n\u00b024 - 2018\"\n\t\t\t\t   href=\"https:\/\/www.caisora.it\/sito\/il-nibbio-periodico-n24-2018\/\">\n\t\t\t\t\tIL NIBBIO - Periodico n\u00b024 - 2018\t\t\t\t<\/a>\n\t\t\t<\/h3>\n\t\t\t\t\t\t\t\t<\/div>\n\t<\/div>\n<\/div>\t\t\t\t\t\t\n\t\t\t\t\t\t\t\t\t\t\t\t\t\t\t\t\t\t<div class=\"item one third\">\n\t<div class=\"inner-wrap\">\n\t\t\t\t\t\t\t\t\t\t\t\t\t\t<div class=\"img-container\">\n\n\t\t\t\t<a href=\"https:\/\/www.caisora.it\/sito\/il-nibbio-periodico-n23-2017\/\"\n\t\t\t\t   title=\"IL NIBBIO \u2013 Periodico n\u00b023 \u2013 2017\"><img width=\"768\" height=\"510\" src=\"https:\/\/www.caisora.it\/sito\/wp-content\/uploads\/2020\/01\/CAI-Sezione-di-Sora-Il-Nibbio-Periodico-2017-n-23-Copertina-Articolo-768x510.jpg\" class=\"post-list-thumb wp-post-image\" alt=\"\" loading=\"lazy\" \/><\/a>\n\t\t\t<\/div>\n\t\t\t\t<div class=\"data\">\n\n\n\t\t\t<div class=\"meta-data\">\n\t\t\t\t<div class=\"date\">\n\t\t\t\t\t<i class=\"icon-edtime3\"><\/i>\n\t\t\t\t\t\t\t\t\t\t\tGennaio 01, 2017\t\t\t\t\t\t\t\t\t<\/div>\n\t\t\t\t\t\t\t\t\t\t\t<\/div>\n\t\t\t<h3>\n\t\t\t\t<a title=\"IL NIBBIO \u2013 Periodico n\u00b023 \u2013 2017\"\n\t\t\t\t   href=\"https:\/\/www.caisora.it\/sito\/il-nibbio-periodico-n23-2017\/\">\n\t\t\t\t\tIL NIBBIO \u2013 Periodico n\u00b023 \u2013 2017\t\t\t\t<\/a>\n\t\t\t<\/h3>\n\t\t\t\t\t\t\t\t<\/div>\n\t<\/div>\n<\/div>\t\t\t\t\t\t\n\t\t\t\t\t\t\t\t\t<\/div>\n\t\t\t\t\t\t\t\t<\/div>\n\n\t\t[\/vc_column_inner][\/vc_row_inner][\/vc_column][vc_column width=&#8221;1\/3&#8243; css=&#8221;.vc_custom_1486475787310{padding-top: 10px !important;padding-right: 35px !important;padding-left: 35px !important;background-color: #ededed !important;}&#8221;][vc_widget_sidebar sidebar_id=&#8221;wheels-sidebar-primary&#8221;][\/vc_column][\/vc_row][vc_row][vc_column][vc_single_image image=&#8221;4259&#8243; alignment=&#8221;center&#8221; onclick=&#8221;custom_link&#8221; link=&#8221;http:\/\/www.caisora.it\/sito\/home-nuova\/#&#8221;][vc_custom_heading text=&#8221;Return to home&#8221; font_container=&#8221;tag:h2|font_size:12|text_align:center|color:%23dd3333&#8243; link=&#8221;url:http%3A%2F%2Fwww.caisora.it%2Fsito%2Fhome-nuova%2F%23|||&#8221;][\/vc_column][\/vc_row]<\/p>\n","protected":false},"excerpt":{"rendered":"<p>[vc_row][vc_column css=&#8221;.vc_custom_1490004489841{margin-bottom: 0px !important;}&#8221;][rev_slider_vc alias=&#8221;il-nibbio&#8221;][\/vc_column][\/vc_row][vc_row][vc_column width=&#8221;2\/3&#8243; css=&#8221;.vc_custom_1570740066203{margin-right: 40px !important;padding-top: 0px !important;}&#8221;][vc_row_inner][vc_column_inner][vc_empty_space][vc_custom_heading text=&#8221;PERIODICO &#8216;IL NIBBIO&#8217;&#8221; use_theme_fonts=&#8221;yes&#8221; css=&#8221;.vc_custom_1572393787004{margin-bottom: 5px !important;}&#8221;][vc_empty_space][vc_column_text]Fra i molteplici tesori che il Club alpino italiano custodisce, fin dalle sue lontane origini, vi \u00e8 la stampa periodica delle molte Sezioni italiane. \u00c8 dal 1973 (prima con il Notiziario e dal 1982 con la Rivista) che il nostro sodalizio si \u00e8 dotato di uno strumento di comunicazione efficace con l\u2019intento di affidare alla parola scritta ed alle immagini fotografiche il compito di veicolare l\u2019amore per la montagna in ogni suo aspetto&nbsp;<a href=\"https:\/\/www.caisora.it\/sito\/il-nibbio\/\">&hellip;<\/a><\/p>\n","protected":false},"author":1,"featured_media":0,"parent":0,"menu_order":0,"comment_status":"closed","ping_status":"closed","template":"template-home.php","meta":{"_mi_skip_tracking":false},"_links":{"self":[{"href":"https:\/\/www.caisora.it\/sito\/wp-json\/wp\/v2\/pages\/1057"}],"collection":[{"href":"https:\/\/www.caisora.it\/sito\/wp-json\/wp\/v2\/pages"}],"about":[{"href":"https:\/\/www.caisora.it\/sito\/wp-json\/wp\/v2\/types\/page"}],"author":[{"embeddable":true,"href":"https:\/\/www.caisora.it\/sito\/wp-json\/wp\/v2\/users\/1"}],"replies":[{"embeddable":true,"href":"https:\/\/www.caisora.it\/sito\/wp-json\/wp\/v2\/comments?post=1057"}],"version-history":[{"count":21,"href":"https:\/\/www.caisora.it\/sito\/wp-json\/wp\/v2\/pages\/1057\/revisions"}],"predecessor-version":[{"id":6702,"href":"https:\/\/www.caisora.it\/sito\/wp-json\/wp\/v2\/pages\/1057\/revisions\/6702"}],"wp:attachment":[{"href":"https:\/\/www.caisora.it\/sito\/wp-json\/wp\/v2\/media?parent=1057"}],"curies":[{"name":"wp","href":"https:\/\/api.w.org\/{rel}","templated":true}]}}